{"id":25,"date":"2021-01-21T06:31:16","date_gmt":"2021-01-21T06:31:16","guid":{"rendered":"http:\/\/www.bbs-ingelheim.de\/WP\/?page_id=25"},"modified":"2022-04-04T09:42:17","modified_gmt":"2022-04-04T09:42:17","slug":"duale-berufsoberschule","status":"publish","type":"page","link":"https:\/\/www.bbs-ingelheim.de\/WP\/duale-berufsoberschule\/","title":{"rendered":"Duale Berufsoberschule"},"content":{"rendered":"\t\t<div data-elementor-type=\"wp-page\" data-elementor-id=\"25\" class=\"elementor elementor-25\">\n\t\t\t\t\t\t<div class=\"elementor-inner\">\n\t\t\t\t<div class=\"elementor-section-wrap\">\n\t\t\t\t\t\t\t\t\t<section class=\"elementor-section elementor-top-section elementor-element elementor-element-603c5b45 elementor-section-boxed elementor-section-height-default elementor-section-height-default\" data-id=\"603c5b45\" data-element_type=\"section\" data-settings=\"{&quot;background_background&quot;:&quot;classic&quot;}\">\n\t\t\t\t\t\t\t<div class=\"elementor-background-overlay\"><\/div>\n\t\t\t\t\t\t\t<div class=\"elementor-container elementor-column-gap-wider\">\n\t\t\t\t\t\t\t<div class=\"elementor-row\">\n\t\t\t\t\t<div class=\"elementor-column elementor-col-100 elementor-top-column elementor-element elementor-element-7a584bd\" data-id=\"7a584bd\" data-element_type=\"column\">\n\t\t\t<div class=\"elementor-column-wrap elementor-element-populated\">\n\t\t\t\t\t\t\t<div class=\"elementor-widget-wrap\">\n\t\t\t\t\t\t<div class=\"elementor-element elementor-element-71378166 elementor-hidden-desktop elementor-hidden-phone elementor-widget elementor-widget-heading\" data-id=\"71378166\" data-element_type=\"widget\" data-widget_type=\"heading.default\">\n\t\t\t\t<div class=\"elementor-widget-container\">\n\t\t\t<h2 class=\"elementor-heading-title elementor-size-default\">Duale Berufsoberschule<\/h2>\t\t<\/div>\n\t\t\t\t<\/div>\n\t\t\t\t<section class=\"elementor-section elementor-inner-section elementor-element elementor-element-20666994 elementor-section-boxed elementor-section-height-default elementor-section-height-default\" data-id=\"20666994\" data-element_type=\"section\">\n\t\t\t\t\t\t<div class=\"elementor-container elementor-column-gap-wider\">\n\t\t\t\t\t\t\t<div class=\"elementor-row\">\n\t\t\t\t\t<div class=\"elementor-column elementor-col-50 elementor-inner-column elementor-element elementor-element-60841e4a\" data-id=\"60841e4a\" data-element_type=\"column\">\n\t\t\t<div class=\"elementor-column-wrap elementor-element-populated\">\n\t\t\t\t\t\t\t<div class=\"elementor-widget-wrap\">\n\t\t\t\t\t\t<div class=\"elementor-element elementor-element-28215d5c elementor-hidden-tablet elementor-invisible elementor-widget elementor-widget-heading\" data-id=\"28215d5c\" data-element_type=\"widget\" data-settings=\"{&quot;_animation&quot;:&quot;fadeIn&quot;,&quot;_animation_delay&quot;:100}\" data-widget_type=\"heading.default\">\n\t\t\t\t<div class=\"elementor-widget-container\">\n\t\t\t<span class=\"elementor-heading-title elementor-size-default\">Duale Berufsoberschule<\/span>\t\t<\/div>\n\t\t\t\t<\/div>\n\t\t\t\t\t\t<\/div>\n\t\t\t\t\t<\/div>\n\t\t<\/div>\n\t\t\t\t<div class=\"elementor-column elementor-col-50 elementor-inner-column elementor-element elementor-element-76aca475\" data-id=\"76aca475\" data-element_type=\"column\">\n\t\t\t<div class=\"elementor-column-wrap elementor-element-populated\">\n\t\t\t\t\t\t\t<div class=\"elementor-widget-wrap\">\n\t\t\t\t\t\t<div class=\"elementor-element elementor-element-2747f3d9 elementor-invisible elementor-widget elementor-widget-heading\" data-id=\"2747f3d9\" data-element_type=\"widget\" data-settings=\"{&quot;_animation&quot;:&quot;fadeIn&quot;,&quot;_animation_delay&quot;:200}\" data-widget_type=\"heading.default\">\n\t\t\t\t<div class=\"elementor-widget-container\">\n\t\t\t<h1 class=\"elementor-heading-title elementor-size-default\">Entdecken Sie unsere Bildungsangebote:<\/h1>\t\t<\/div>\n\t\t\t\t<\/div>\n\t\t\t\t<div class=\"elementor-element elementor-element-7caead58 elementor-invisible elementor-widget elementor-widget-heading\" data-id=\"7caead58\" data-element_type=\"widget\" data-settings=\"{&quot;_animation&quot;:&quot;fadeIn&quot;,&quot;_animation_delay&quot;:250}\" data-widget_type=\"heading.default\">\n\t\t\t\t<div class=\"elementor-widget-container\">\n\t\t\t<p class=\"elementor-heading-title elementor-size-default\"><b>Das Team der BBS Ingelheim steht bereit in der Zeit von 09:00 Uhr bis 13:00 Uhr Sie zu beraten. Wir freuen uns auf Ihren Anruf.<\/b><\/p>\t\t<\/div>\n\t\t\t\t<\/div>\n\t\t\t\t<div class=\"elementor-element elementor-element-3b68b533 elementor-widget__width-auto elementor-mobile-align-justify elementor-widget-mobile__width-inherit elementor-invisible elementor-widget elementor-widget-button\" data-id=\"3b68b533\" data-element_type=\"widget\" data-settings=\"{&quot;_animation&quot;:&quot;fadeIn&quot;,&quot;_animation_delay&quot;:300}\" data-widget_type=\"button.default\">\n\t\t\t\t<div class=\"elementor-widget-container\">\n\t\t\t\t\t<div class=\"elementor-button-wrapper\">\n\t\t\t<a href=\"http:\/\/www.bbs-ingelheim.de\/WP\/kontakt\/\" class=\"elementor-button-link elementor-button elementor-size-sm\" role=\"button\">\n\t\t\t\t\t\t<span class=\"elementor-button-content-wrapper\">\n\t\t\t\t\t\t<span class=\"elementor-button-text\">Rufen Sie uns an!<\/span>\n\t\t<\/span>\n\t\t\t\t\t<\/a>\n\t\t<\/div>\n\t\t\t\t<\/div>\n\t\t\t\t<\/div>\n\t\t\t\t\t\t<\/div>\n\t\t\t\t\t<\/div>\n\t\t<\/div>\n\t\t\t\t\t\t\t\t<\/div>\n\t\t\t\t\t<\/div>\n\t\t<\/section>\n\t\t\t\t\t\t<\/div>\n\t\t\t\t\t<\/div>\n\t\t<\/div>\n\t\t\t\t\t\t\t\t<\/div>\n\t\t\t\t\t<\/div>\n\t\t<\/section>\n\t\t\t\t<section class=\"elementor-section elementor-top-section elementor-element elementor-element-1f642462 elementor-section-height-min-height elementor-section-boxed elementor-section-height-default elementor-section-items-middle\" data-id=\"1f642462\" data-element_type=\"section\">\n\t\t\t\t\t\t<div class=\"elementor-container elementor-column-gap-default\">\n\t\t\t\t\t\t\t<div class=\"elementor-row\">\n\t\t\t\t\t<div class=\"elementor-column elementor-col-100 elementor-top-column elementor-element elementor-element-67696c12\" data-id=\"67696c12\" data-element_type=\"column\">\n\t\t\t<div class=\"elementor-column-wrap elementor-element-populated\">\n\t\t\t\t\t\t\t<div class=\"elementor-widget-wrap\">\n\t\t\t\t\t\t<div class=\"elementor-element elementor-element-3457bfc3 elementor-invisible elementor-widget elementor-widget-heading\" data-id=\"3457bfc3\" data-element_type=\"widget\" data-settings=\"{&quot;_animation&quot;:&quot;fadeIn&quot;}\" data-widget_type=\"heading.default\">\n\t\t\t\t<div class=\"elementor-widget-container\">\n\t\t\t<h2 class=\"elementor-heading-title elementor-size-default\">Duale Berufsoberschule<\/h2>\t\t<\/div>\n\t\t\t\t<\/div>\n\t\t\t\t\t\t<\/div>\n\t\t\t\t\t<\/div>\n\t\t<\/div>\n\t\t\t\t\t\t\t\t<\/div>\n\t\t\t\t\t<\/div>\n\t\t<\/section>\n\t\t\t\t<section class=\"elementor-section elementor-top-section elementor-element elementor-element-69aa782 elementor-section-boxed elementor-section-height-default elementor-section-height-default\" data-id=\"69aa782\" data-element_type=\"section\">\n\t\t\t\t\t\t<div class=\"elementor-container elementor-column-gap-default\">\n\t\t\t\t\t\t\t<div class=\"elementor-row\">\n\t\t\t\t\t<div class=\"elementor-column elementor-col-50 elementor-top-column elementor-element elementor-element-8e0d5f4\" data-id=\"8e0d5f4\" data-element_type=\"column\">\n\t\t\t<div class=\"elementor-column-wrap elementor-element-populated\">\n\t\t\t\t\t\t\t<div class=\"elementor-widget-wrap\">\n\t\t\t\t\t\t<div class=\"elementor-element elementor-element-550e02b elementor-widget elementor-widget-image\" data-id=\"550e02b\" data-element_type=\"widget\" data-widget_type=\"image.default\">\n\t\t\t\t<div class=\"elementor-widget-container\">\n\t\t\t\t\t\t\t\t<div class=\"elementor-image\">\n\t\t\t\t\t\t\t\t\t\t\t\t<img decoding=\"async\" width=\"665\" height=\"1024\" src=\"https:\/\/www.bbs-ingelheim.de\/WP\/wp-content\/uploads\/2021\/01\/student-DBOS-665x1024.jpg\" class=\"attachment-large size-large wp-image-866\" alt=\"\" loading=\"lazy\" srcset=\"https:\/\/www.bbs-ingelheim.de\/WP\/wp-content\/uploads\/2021\/01\/student-DBOS-665x1024.jpg 665w, https:\/\/www.bbs-ingelheim.de\/WP\/wp-content\/uploads\/2021\/01\/student-DBOS-195x300.jpg 195w, https:\/\/www.bbs-ingelheim.de\/WP\/wp-content\/uploads\/2021\/01\/student-DBOS-768x1183.jpg 768w, https:\/\/www.bbs-ingelheim.de\/WP\/wp-content\/uploads\/2021\/01\/student-DBOS.jpg 831w\" sizes=\"(max-width: 665px) 100vw, 665px\" \/>\t\t\t\t\t\t\t\t\t\t\t\t\t\t<\/div>\n\t\t\t\t\t\t<\/div>\n\t\t\t\t<\/div>\n\t\t\t\t\t\t<\/div>\n\t\t\t\t\t<\/div>\n\t\t<\/div>\n\t\t\t\t<div class=\"elementor-column elementor-col-50 elementor-top-column elementor-element elementor-element-09d56fd\" data-id=\"09d56fd\" data-element_type=\"column\">\n\t\t\t<div class=\"elementor-column-wrap elementor-element-populated\">\n\t\t\t\t\t\t\t<div class=\"elementor-widget-wrap\">\n\t\t\t\t\t\t<div class=\"elementor-element elementor-element-ba89707 elementor-widget elementor-widget-heading\" data-id=\"ba89707\" data-element_type=\"widget\" data-widget_type=\"heading.default\">\n\t\t\t\t<div class=\"elementor-widget-container\">\n\t\t\t<h2 class=\"elementor-heading-title elementor-size-default\">Fachhochschulreife 4.0&nbsp;<div>Erwerb der Studierf\u00e4higkeit \u2013 virtuell, flexibel und individuell<\/div><\/h2>\t\t<\/div>\n\t\t\t\t<\/div>\n\t\t\t\t<div class=\"elementor-element elementor-element-5aa9d9d elementor-widget elementor-widget-text-editor\" data-id=\"5aa9d9d\" data-element_type=\"widget\" data-widget_type=\"text-editor.default\">\n\t\t\t\t<div class=\"elementor-widget-container\">\n\t\t\t\t\t\t\t\t<div class=\"elementor-text-editor elementor-clearfix\">\n\t\t\t\t<section><p>Die <strong>Digi-DBOS<\/strong>\u00a0an der\u00a0<strong>Berufsbildenden Schule Ingelheim<\/strong>\u00a0ist die Gelegenheit, im Abendunterricht auf vorwiegend digitalem Weg die Fachhochschulreife zu erwerben.\u00a0<\/p><p>Haben Sie einen<span style=\"caret-color: #444444; color: #444444; font-family: 'Open Sans', Arial, Helvetica, sans-serif; font-size: 14.01260757446289px; font-style: normal; font-variant-caps: normal;\">\u00a0qualifizierten Sekundarabschluss I, eine\u00a0<\/span><span style=\"caret-color: #444444; color: #444444; font-family: 'Open Sans', Arial, Helvetica, sans-serif; font-size: 14.01260757446289px; font-style: normal; font-variant-caps: normal;\">\u00a0<\/span><span style=\"color: #444444; font-family: Open Sans, Arial, Helvetica, sans-serif;\"><span style=\"font-size: 14.01260757446289px;\">abgeschlossene Berufsausbildung oder befinden sich\u00a0gerade in der Ausbildung? So k\u00f6nnen\u00a0Sie im unsere Duale\u00a0Berufsoberschule besuchen.<\/span><\/span><\/p><p><span style=\"font-size: 14px;\">An zwei Abenden in der Woche findet Pr\u00e4senz\u00adunterricht statt. Die Teilnahme ist per \u00a0Videokonferenz m\u00f6glich.<\/span><\/p><p>Dar\u00fcber hinaus\u00a0k\u00f6nnen sie von den erg\u00e4nzenden Unterrichtsinhalten auf unserer digitalen Lernplattform profitieren. Es entsteht f\u00fcr unsere Sch\u00fcler*innen eine enorme zeitliche und \u00f6rtliche Flexibilit\u00e4t, die eine gr\u00f6\u00dfere Vereinbarkeit der Weiterbildung mit Beruf und Privatleben erm\u00f6glicht. Ebenso werden sie bei der Nutzung digitaler Medien von unseren Lehrer*innen beraten. F\u00fcr den Zugang zur Lernplattform k\u00f6nnen \u00fcber die Kreisverwaltung Mainz-Bingen iPads kostenpflichtig ausgeliehen werden.<\/p><p>Anmeldungen f\u00fcr das kommende Schuljahr ist ab sofort m\u00f6glich.<\/p><\/section><section><p>Ansprechpartner*innen: Herr Schlosser per Mail (<a href=\"mailto:schlosser@bbs-ingelheim.de\">schlosser@bbs-ingelheim.de<\/a>), Stichwort: Fachhochschulreife;\u00a0<\/p><\/section>\t\t\t\t\t<\/div>\n\t\t\t\t\t\t<\/div>\n\t\t\t\t<\/div>\n\t\t\t\t\t\t<\/div>\n\t\t\t\t\t<\/div>\n\t\t<\/div>\n\t\t\t\t\t\t\t\t<\/div>\n\t\t\t\t\t<\/div>\n\t\t<\/section>\n\t\t\t\t<section class=\"elementor-section elementor-top-section elementor-element elementor-element-20e570c elementor-section-height-min-height elementor-section-boxed elementor-section-height-default elementor-section-items-middle\" data-id=\"20e570c\" data-element_type=\"section\">\n\t\t\t\t\t\t<div class=\"elementor-container elementor-column-gap-default\">\n\t\t\t\t\t\t\t<div class=\"elementor-row\">\n\t\t\t\t\t<div class=\"elementor-column elementor-col-33 elementor-top-column elementor-element elementor-element-6d1a1a45\" data-id=\"6d1a1a45\" data-element_type=\"column\">\n\t\t\t<div class=\"elementor-column-wrap\">\n\t\t\t\t\t\t\t<div class=\"elementor-widget-wrap\">\n\t\t\t\t\t\t\t\t<\/div>\n\t\t\t\t\t<\/div>\n\t\t<\/div>\n\t\t\t\t<div class=\"elementor-column elementor-col-33 elementor-top-column elementor-element elementor-element-3eab3ae4\" data-id=\"3eab3ae4\" data-element_type=\"column\">\n\t\t\t<div class=\"elementor-column-wrap elementor-element-populated\">\n\t\t\t\t\t\t\t<div class=\"elementor-widget-wrap\">\n\t\t\t\t\t\t<div class=\"elementor-element elementor-element-24bb8864 elementor-mobile-align-center elementor-invisible elementor-widget elementor-widget-button\" data-id=\"24bb8864\" data-element_type=\"widget\" data-settings=\"{&quot;_animation&quot;:&quot;fadeIn&quot;,&quot;_animation_delay&quot;:200}\" data-widget_type=\"button.default\">\n\t\t\t\t<div class=\"elementor-widget-container\">\n\t\t\t\t\t<div class=\"elementor-button-wrapper\">\n\t\t\t<a href=\"http:\/\/www.bbs-ingelheim.de\/WP\/wp-content\/uploads\/2021\/01\/Anmeldeformular_2020_Sptember.pdf\" class=\"elementor-button-link elementor-button elementor-size-sm\" role=\"button\">\n\t\t\t\t\t\t<span class=\"elementor-button-content-wrapper\">\n\t\t\t\t\t\t<span class=\"elementor-button-text\">Download: Anmeldung<\/span>\n\t\t<\/span>\n\t\t\t\t\t<\/a>\n\t\t<\/div>\n\t\t\t\t<\/div>\n\t\t\t\t<\/div>\n\t\t\t\t\t\t<\/div>\n\t\t\t\t\t<\/div>\n\t\t<\/div>\n\t\t\t\t<div class=\"elementor-column elementor-col-33 elementor-top-column elementor-element elementor-element-470b8c7a\" data-id=\"470b8c7a\" data-element_type=\"column\">\n\t\t\t<div class=\"elementor-column-wrap elementor-element-populated\">\n\t\t\t\t\t\t\t<div class=\"elementor-widget-wrap\">\n\t\t\t\t\t\t<div class=\"elementor-element elementor-element-116b1bd2 elementor-mobile-align-center elementor-invisible elementor-widget elementor-widget-button\" data-id=\"116b1bd2\" data-element_type=\"widget\" data-settings=\"{&quot;_animation&quot;:&quot;fadeIn&quot;,&quot;_animation_delay&quot;:200}\" data-widget_type=\"button.default\">\n\t\t\t\t<div class=\"elementor-widget-container\">\n\t\t\t\t\t<div class=\"elementor-button-wrapper\">\n\t\t\t<a href=\"http:\/\/www.bbs-ingelheim.de\/WP\/kontakt\/\" class=\"elementor-button-link elementor-button elementor-size-sm\" role=\"button\">\n\t\t\t\t\t\t<span class=\"elementor-button-content-wrapper\">\n\t\t\t\t\t\t<span class=\"elementor-button-text\">Rufen Sie uns an!<\/span>\n\t\t<\/span>\n\t\t\t\t\t<\/a>\n\t\t<\/div>\n\t\t\t\t<\/div>\n\t\t\t\t<\/div>\n\t\t\t\t\t\t<\/div>\n\t\t\t\t\t<\/div>\n\t\t<\/div>\n\t\t\t\t\t\t\t\t<\/div>\n\t\t\t\t\t<\/div>\n\t\t<\/section>\n\t\t\t\t<section class=\"elementor-section elementor-top-section elementor-element elementor-element-34ff85a8 elementor-section-boxed elementor-section-height-default elementor-section-height-default\" data-id=\"34ff85a8\" data-element_type=\"section\" data-settings=\"{&quot;background_background&quot;:&quot;classic&quot;}\">\n\t\t\t\t\t\t\t<div class=\"elementor-background-overlay\"><\/div>\n\t\t\t\t\t\t\t<div class=\"elementor-container elementor-column-gap-default\">\n\t\t\t\t\t\t\t<div class=\"elementor-row\">\n\t\t\t\t\t<div class=\"elementor-column elementor-col-100 elementor-top-column elementor-element elementor-element-7744d9af\" data-id=\"7744d9af\" data-element_type=\"column\">\n\t\t\t<div class=\"elementor-column-wrap\">\n\t\t\t\t\t\t\t<div class=\"elementor-widget-wrap\">\n\t\t\t\t\t\t\t\t<\/div>\n\t\t\t\t\t<\/div>\n\t\t<\/div>\n\t\t\t\t\t\t\t\t<\/div>\n\t\t\t\t\t<\/div>\n\t\t<\/section>\n\t\t\t\t\t\t\t\t\t<\/div>\n\t\t\t<\/div>\n\t\t\t\t\t<\/div>\n\t\t","protected":false},"excerpt":{"rendered":"<p>Duale Berufsoberschule Duale Berufsoberschule Entdecken Sie unsere Bildungsangebote: Das Team der BBS Ingelheim steht bereit in der Zeit von 09:00 Uhr bis 13:00 Uhr Sie zu beraten. Wir freuen uns auf Ihren Anruf. Rufen Sie uns an! Duale Berufsoberschule Fachhochschulreife 4.0&nbsp;Erwerb der Studierf\u00e4higkeit \u2013 virtuell, flexibel und individuell Die Digi-DBOS\u00a0an der\u00a0Berufsbildenden Schule Ingelheim\u00a0ist die Gelegenheit, [&hellip;]<\/p>\n","protected":false},"author":1,"featured_media":0,"parent":0,"menu_order":0,"comment_status":"closed","ping_status":"closed","template":"","meta":{"_themeisle_gutenberg_block_has_review":false},"categories":[3],"tags":[],"_links":{"self":[{"href":"https:\/\/www.bbs-ingelheim.de\/WP\/wp-json\/wp\/v2\/pages\/25"}],"collection":[{"href":"https:\/\/www.bbs-ingelheim.de\/WP\/wp-json\/wp\/v2\/pages"}],"about":[{"href":"https:\/\/www.bbs-ingelheim.de\/WP\/wp-json\/wp\/v2\/types\/page"}],"author":[{"embeddable":true,"href":"https:\/\/www.bbs-ingelheim.de\/WP\/wp-json\/wp\/v2\/users\/1"}],"replies":[{"embeddable":true,"href":"https:\/\/www.bbs-ingelheim.de\/WP\/wp-json\/wp\/v2\/comments?post=25"}],"version-history":[{"count":25,"href":"https:\/\/www.bbs-ingelheim.de\/WP\/wp-json\/wp\/v2\/pages\/25\/revisions"}],"predecessor-version":[{"id":1001,"href":"https:\/\/www.bbs-ingelheim.de\/WP\/wp-json\/wp\/v2\/pages\/25\/revisions\/1001"}],"wp:attachment":[{"href":"https:\/\/www.bbs-ingelheim.de\/WP\/wp-json\/wp\/v2\/media?parent=25"}],"wp:term":[{"taxonomy":"category","embeddable":true,"href":"https:\/\/www.bbs-ingelheim.de\/WP\/wp-json\/wp\/v2\/categories?post=25"},{"taxonomy":"post_tag","embeddable":true,"href":"https:\/\/www.bbs-ingelheim.de\/WP\/wp-json\/wp\/v2\/tags?post=25"}],"curies":[{"name":"wp","href":"https:\/\/api.w.org\/{rel}","templated":true}]}}