{"id":31,"date":"2021-01-21T06:34:10","date_gmt":"2021-01-21T06:34:10","guid":{"rendered":"http:\/\/www.bbs-ingelheim.de\/WP\/?page_id=31"},"modified":"2021-01-28T09:45:02","modified_gmt":"2021-01-28T09:45:02","slug":"kontakt","status":"publish","type":"page","link":"https:\/\/www.bbs-ingelheim.de\/WP\/kontakt\/","title":{"rendered":"Kontakt"},"content":{"rendered":"\t\t<div data-elementor-type=\"wp-page\" data-elementor-id=\"31\" class=\"elementor elementor-31\">\n\t\t\t\t\t\t<div class=\"elementor-inner\">\n\t\t\t\t<div class=\"elementor-section-wrap\">\n\t\t\t\t\t\t\t\t\t<section class=\"elementor-section elementor-top-section elementor-element elementor-element-35cae048 elementor-section-boxed elementor-section-height-default elementor-section-height-default\" data-id=\"35cae048\" data-element_type=\"section\" data-settings=\"{&quot;background_background&quot;:&quot;classic&quot;}\">\n\t\t\t\t\t\t\t<div class=\"elementor-background-overlay\"><\/div>\n\t\t\t\t\t\t\t<div class=\"elementor-container elementor-column-gap-wider\">\n\t\t\t\t\t\t\t<div class=\"elementor-row\">\n\t\t\t\t\t<div class=\"elementor-column elementor-col-100 elementor-top-column elementor-element elementor-element-3d5227f1\" data-id=\"3d5227f1\" data-element_type=\"column\">\n\t\t\t<div class=\"elementor-column-wrap elementor-element-populated\">\n\t\t\t\t\t\t\t<div class=\"elementor-widget-wrap\">\n\t\t\t\t\t\t<div class=\"elementor-element elementor-element-71f54e57 elementor-hidden-desktop elementor-widget elementor-widget-heading\" data-id=\"71f54e57\" data-element_type=\"widget\" data-widget_type=\"heading.default\">\n\t\t\t\t<div class=\"elementor-widget-container\">\n\t\t\t<h2 class=\"elementor-heading-title elementor-size-default\">Kontakt zur BBS Ingelheim<\/h2>\t\t<\/div>\n\t\t\t\t<\/div>\n\t\t\t\t<section class=\"elementor-section elementor-inner-section elementor-element elementor-element-4bdd9757 elementor-section-boxed elementor-section-height-default elementor-section-height-default\" data-id=\"4bdd9757\" data-element_type=\"section\">\n\t\t\t\t\t\t<div class=\"elementor-container elementor-column-gap-wider\">\n\t\t\t\t\t\t\t<div class=\"elementor-row\">\n\t\t\t\t\t<div class=\"elementor-column elementor-col-50 elementor-inner-column elementor-element elementor-element-579efde1\" data-id=\"579efde1\" data-element_type=\"column\">\n\t\t\t<div class=\"elementor-column-wrap elementor-element-populated\">\n\t\t\t\t\t\t\t<div class=\"elementor-widget-wrap\">\n\t\t\t\t\t\t<div class=\"elementor-element elementor-element-47605505 elementor-hidden-tablet elementor-hidden-phone elementor-invisible elementor-widget elementor-widget-heading\" data-id=\"47605505\" data-element_type=\"widget\" data-settings=\"{&quot;_animation&quot;:&quot;fadeIn&quot;,&quot;_animation_delay&quot;:100}\" data-widget_type=\"heading.default\">\n\t\t\t\t<div class=\"elementor-widget-container\">\n\t\t\t<span class=\"elementor-heading-title elementor-size-default\">Kontakt zur BBS Ingelheim<\/span>\t\t<\/div>\n\t\t\t\t<\/div>\n\t\t\t\t\t\t<\/div>\n\t\t\t\t\t<\/div>\n\t\t<\/div>\n\t\t\t\t<div class=\"elementor-column elementor-col-50 elementor-inner-column elementor-element elementor-element-3d8e02d9\" data-id=\"3d8e02d9\" data-element_type=\"column\">\n\t\t\t<div class=\"elementor-column-wrap elementor-element-populated\">\n\t\t\t\t\t\t\t<div class=\"elementor-widget-wrap\">\n\t\t\t\t\t\t<div class=\"elementor-element elementor-element-7648f35b elementor-invisible elementor-widget elementor-widget-heading\" data-id=\"7648f35b\" data-element_type=\"widget\" data-settings=\"{&quot;_animation&quot;:&quot;fadeIn&quot;,&quot;_animation_delay&quot;:200}\" data-widget_type=\"heading.default\">\n\t\t\t\t<div class=\"elementor-widget-container\">\n\t\t\t<h1 class=\"elementor-heading-title elementor-size-default\">Gerne geben wir Ihnen Auskunft zu Fragen oder informieren Sie \u00fcber die BBS Ingelheim. <\/h1>\t\t<\/div>\n\t\t\t\t<\/div>\n\t\t\t\t<div class=\"elementor-element elementor-element-3baf864 elementor-widget elementor-widget-text-editor\" data-id=\"3baf864\" data-element_type=\"widget\" data-widget_type=\"text-editor.default\">\n\t\t\t\t<div class=\"elementor-widget-container\">\n\t\t\t\t\t\t\t\t<div class=\"elementor-text-editor elementor-clearfix\">\n\t\t\t\t<p>F\u00fcr eine Kontaktaufnahme verwenden Sie bitte folgende Daten:<br>Berufsbildende Schule Ingelheim<br>Wilhelm-Leuschner-Stra\u00dfe 25<br>55218 Ingelheim am Rhein<\/p>\n<p>Telefon: (0 61 32) 71 960<br><span style=\"font-family: &quot;Open Sans&quot;, sans-serif; font-size: 16px; font-style: normal; font-variant-ligatures: normal; font-variant-caps: normal; font-weight: 400;\">Telefon: (0 61 32) 71 96120<br><\/span><span style=\"font-family: &quot;Open Sans&quot;, sans-serif; font-size: 16px; font-style: normal; font-variant-ligatures: normal; font-variant-caps: normal; font-weight: 400;\">Telefon: (0 61 32) 71 96 101<br><\/span><br><\/p>\n<p>E-Mail schreiben: info@bbs-ingelheim.de<\/p>\t\t\t\t\t<\/div>\n\t\t\t\t\t\t<\/div>\n\t\t\t\t<\/div>\n\t\t\t\t\t\t<\/div>\n\t\t\t\t\t<\/div>\n\t\t<\/div>\n\t\t\t\t\t\t\t\t<\/div>\n\t\t\t\t\t<\/div>\n\t\t<\/section>\n\t\t\t\t\t\t<\/div>\n\t\t\t\t\t<\/div>\n\t\t<\/div>\n\t\t\t\t\t\t\t\t<\/div>\n\t\t\t\t\t<\/div>\n\t\t<\/section>\n\t\t\t\t\t\t\t\t\t<\/div>\n\t\t\t<\/div>\n\t\t\t\t\t<\/div>\n\t\t","protected":false},"excerpt":{"rendered":"<p>Kontakt zur BBS Ingelheim Kontakt zur BBS Ingelheim Gerne geben wir Ihnen Auskunft zu Fragen oder informieren Sie \u00fcber die BBS Ingelheim. F\u00fcr eine Kontaktaufnahme verwenden Sie bitte folgende Daten:Berufsbildende Schule IngelheimWilhelm-Leuschner-Stra\u00dfe 2555218 Ingelheim am Rhein Telefon: (0 61 32) 71 960Telefon: (0 61 32) 71 96120Telefon: (0 61 32) 71 96 101 E-Mail schreiben: [&hellip;]<\/p>\n","protected":false},"author":1,"featured_media":0,"parent":0,"menu_order":0,"comment_status":"closed","ping_status":"closed","template":"","meta":{"_themeisle_gutenberg_block_has_review":false},"categories":[],"tags":[],"_links":{"self":[{"href":"https:\/\/www.bbs-ingelheim.de\/WP\/wp-json\/wp\/v2\/pages\/31"}],"collection":[{"href":"https:\/\/www.bbs-ingelheim.de\/WP\/wp-json\/wp\/v2\/pages"}],"about":[{"href":"https:\/\/www.bbs-ingelheim.de\/WP\/wp-json\/wp\/v2\/types\/page"}],"author":[{"embeddable":true,"href":"https:\/\/www.bbs-ingelheim.de\/WP\/wp-json\/wp\/v2\/users\/1"}],"replies":[{"embeddable":true,"href":"https:\/\/www.bbs-ingelheim.de\/WP\/wp-json\/wp\/v2\/comments?post=31"}],"version-history":[{"count":16,"href":"https:\/\/www.bbs-ingelheim.de\/WP\/wp-json\/wp\/v2\/pages\/31\/revisions"}],"predecessor-version":[{"id":714,"href":"https:\/\/www.bbs-ingelheim.de\/WP\/wp-json\/wp\/v2\/pages\/31\/revisions\/714"}],"wp:attachment":[{"href":"https:\/\/www.bbs-ingelheim.de\/WP\/wp-json\/wp\/v2\/media?parent=31"}],"wp:term":[{"taxonomy":"category","embeddable":true,"href":"https:\/\/www.bbs-ingelheim.de\/WP\/wp-json\/wp\/v2\/categories?post=31"},{"taxonomy":"post_tag","embeddable":true,"href":"https:\/\/www.bbs-ingelheim.de\/WP\/wp-json\/wp\/v2\/tags?post=31"}],"curies":[{"name":"wp","href":"https:\/\/api.w.org\/{rel}","templated":true}]}}